{"id":63,"date":"2025-03-13T07:01:41","date_gmt":"2025-03-13T07:01:41","guid":{"rendered":"http:\/\/smartnook.org\/?page_id=63"},"modified":"2025-03-13T07:01:41","modified_gmt":"2025-03-13T07:01:41","slug":"services","status":"publish","type":"page","link":"https:\/\/smartnook.org\/?page_id=63","title":{"rendered":"Services"},"content":{"rendered":"\n<h2 class=\"wp-block-heading\"><strong>Nos Services : Un Engagement Concret sur le Terrain<\/strong><\/h2>\n\n\n\n<p>Chez <strong>4L &#8211; FOR A BETTER LIFE<\/strong>, nous avons d\u00e9velopp\u00e9 plusieurs services pour assurer la mise en place de nos actions humanitaires. Nous travaillons avec des partenaires, des b\u00e9n\u00e9voles et des donateurs pour organiser des missions efficaces et adapt\u00e9es aux besoins des b\u00e9n\u00e9ficiaires.<\/p>\n\n\n\n<h3 class=\"wp-block-heading\"><strong>1. Collecte et distribution de mat\u00e9riel<\/strong><\/h3>\n\n\n\n<p>Nous organisons des collectes de fournitures scolaires, m\u00e9dicales et sportives que nous acheminons directement aux populations en difficult\u00e9. Ce service repose sur :<\/p>\n\n\n\n<ul class=\"wp-block-list\">\n<li>La collaboration avec des \u00e9coles, entreprises et particuliers pour recueillir des dons<\/li>\n\n\n\n<li>L\u2019acheminement du mat\u00e9riel gr\u00e2ce \u00e0 notre Renault 4L<\/li>\n\n\n\n<li>Une distribution sur le terrain, en fonction des besoins identifi\u00e9s<\/li>\n<\/ul>\n\n\n\n<h3 class=\"wp-block-heading\"><strong>2. Soutien aux \u00e9coles et centres de soins<\/strong><\/h3>\n\n\n\n<p>Nous travaillons en \u00e9troite collaboration avec les \u00e9tablissements scolaires et les structures m\u00e9dicales locales pour r\u00e9pondre \u00e0 leurs besoins en :<\/p>\n\n\n\n<ul class=\"wp-block-list\">\n<li>Fournitures scolaires et p\u00e9dagogiques<\/li>\n\n\n\n<li>Mat\u00e9riel m\u00e9dical et kits d\u2019urgence<\/li>\n\n\n\n<li>Formation et sensibilisation aux bonnes pratiques<\/li>\n<\/ul>\n\n\n\n<h3 class=\"wp-block-heading\"><strong>3. Organisation de missions humanitaires<\/strong><\/h3>\n\n\n\n<p>Nos services incluent l\u2019organisation de missions sur le terrain, impliquant des b\u00e9n\u00e9voles souhaitant s\u2019engager directement aupr\u00e8s des populations aid\u00e9es.<\/p>\n\n\n\n<p>Nous proposons aussi un accompagnement aux volontaires pour faciliter leur engagement et garantir l\u2019efficacit\u00e9 des missions.<\/p>\n","protected":false},"excerpt":{"rendered":"<p>Nos Services : Un Engagement Concret sur le Terrain Chez 4L &#8211; FOR A BETTER LIFE, nous avons d\u00e9velopp\u00e9 plusieurs services pour assurer la mise en place de nos actions humanitaires. Nous travaillons avec des partenaires, des b\u00e9n\u00e9voles et des donateurs pour organiser des missions efficaces et adapt\u00e9es aux besoins des b\u00e9n\u00e9ficiaires. 1. Collecte et [&hellip;]<\/p>\n","protected":false},"author":3,"featured_media":0,"parent":0,"menu_order":0,"comment_status":"closed","ping_status":"closed","template":"","meta":{"saved_in_kubio":false,"footnotes":""},"class_list":["post-63","page","type-page","status-publish","hentry"],"kubio_ai_page_context":{"short_desc":"","purpose":"general"},"_links":{"self":[{"href":"https:\/\/smartnook.org\/index.php?rest_route=\/wp\/v2\/pages\/63","targetHints":{"allow":["GET"]}}],"collection":[{"href":"https:\/\/smartnook.org\/index.php?rest_route=\/wp\/v2\/pages"}],"about":[{"href":"https:\/\/smartnook.org\/index.php?rest_route=\/wp\/v2\/types\/page"}],"author":[{"embeddable":true,"href":"https:\/\/smartnook.org\/index.php?rest_route=\/wp\/v2\/users\/3"}],"replies":[{"embeddable":true,"href":"https:\/\/smartnook.org\/index.php?rest_route=%2Fwp%2Fv2%2Fcomments&post=63"}],"version-history":[{"count":1,"href":"https:\/\/smartnook.org\/index.php?rest_route=\/wp\/v2\/pages\/63\/revisions"}],"predecessor-version":[{"id":71,"href":"https:\/\/smartnook.org\/index.php?rest_route=\/wp\/v2\/pages\/63\/revisions\/71"}],"wp:attachment":[{"href":"https:\/\/smartnook.org\/index.php?rest_route=%2Fwp%2Fv2%2Fmedia&parent=63"}],"curies":[{"name":"wp","href":"https:\/\/api.w.org\/{rel}","templated":true}]}}